{"id":369,"date":"2021-09-09T18:49:35","date_gmt":"2021-09-09T15:49:35","guid":{"rendered":"https:\/\/www.brcplus.com\/?page_id=369"},"modified":"2021-09-10T10:54:10","modified_gmt":"2021-09-10T07:54:10","slug":"gizlilik-politikasi","status":"publish","type":"page","link":"https:\/\/www.brcplus.com\/?page_id=369&lang=tr","title":{"rendered":"Gizlilik Politikas\u0131"},"content":{"rendered":"\n<p><strong>BRC Plus<\/strong>&nbsp;gizlilik hakk\u0131n\u0131za sayg\u0131 g\u00f6stermeyi taahh\u00fct eder. Bir firman\u0131n tesislerinin ve \u00e7al\u0131\u015fanlar\u0131n\u0131n bilgileri \u00f6zel ve hassas oldu\u011fundan, bizimle bu t\u00fcr bilgileri payla\u015fmakla ilgili kayg\u0131lar\u0131n\u0131z olabilece\u011fini biliyoruz. \u2018Gizlilik Beyan\u0131\u2019 m\u00fc\u015fterilerimiz, tedarik\u00e7ilerimiz ve personelimiz i\u00e7in destek m\u00fchendislik hizmetlerimizden faydalanan firmalar olarak, bilgilerinizin gizlili\u011fi ile ilgili konular\u0131 i\u00e7ermektedir.<\/p>\n\n\n\n<h6 class=\"wp-block-heading\"><strong>I.Toplad\u0131\u011f\u0131m\u0131z Bilgiler<\/strong><\/h6>\n\n\n\n<p>Verdi\u011fimiz t\u00fcm hizmetlerimize ait bilgilere eri\u015fimimiz bulunmaktad\u0131r. Bunlar sizin g\u00f6n\u00fcll\u00fc olarak bize verdi\u011finiz ve faaliyetlerimiz esnas\u0131nda toplanan bilgilerden olu\u015fmaktad\u0131r.<\/p>\n\n\n\n<h6 class=\"wp-block-heading\"><strong>II.Bilgilerinizi Nas\u0131l Kullan\u0131yoruz<\/strong><\/h6>\n\n\n\n<p>Sizin i\u00e7in daha iyi hizmet verebilmek ve ihtiya\u00e7lar\u0131n\u0131z\u0131n giderilmesi i\u00e7in bu bilgiler uzman kadromuz taraf\u0131ndan saklanmaktad\u0131r. Gelecekte ihtiya\u00e7lar\u0131n\u0131z\u0131n tespiti ve daha iyi hizmet verebilme noktas\u0131nda da sizinle ileti\u015fim halinde olarak bu s\u00fcre\u00e7lerin verimli bir \u015fekilde y\u00f6netilmesini sa\u011fl\u0131yoruz.<\/p>\n\n\n\n<h6 class=\"wp-block-heading\"><strong>III. \u00dc\u00e7\u00fcnc\u00fc Taraflarla \u0130li\u015fkilerimiz<\/strong><\/h6>\n\n\n\n<p>Size daha iyi hizmet ve bilgi sunmak i\u00e7in \u00fc\u00e7\u00fcnc\u00fc taraflar\u0131 kullanabiliriz. Firmam\u0131z ve i\u015f ili\u015fkimizin bulundu\u011fu bu \u00fc\u00e7\u00fcnc\u00fc taraflar d\u0131\u015f\u0131nda bilgileriniz hi\u00e7 kimseyle payla\u015f\u0131lmayacakt\u0131r. Firmam\u0131z, \u00fc\u00e7\u00fcnc\u00fc taraf y\u00fcklenicilere, size ait bilgilere eri\u015fim izni vermemiz halinde, bu ki\u015filere, bu bilgileri alma veya bu beyan ile tutarl\u0131 olmayan bir ama\u00e7la kullanma yetkisi vermeyecektir. Bize verdi\u011finiz herhangi bir bilgiyi a\u00e7\u0131k\u00e7a izniniz olmaks\u0131z\u0131n \u00fc\u00e7\u00fcnc\u00fc ki\u015filere satmayaca\u011f\u0131m\u0131z\u0131 veya if\u015fa etmeyece\u011fimizi taahh\u00fct ediyoruz.<\/p>\n\n\n\n<h6 class=\"wp-block-heading\"><strong>IV. G\u00fcvenlik \u00d6nlemlerimiz<\/strong><\/h6>\n\n\n\n<p>Her t\u00fcrl\u00fc bilginizin makul \u00f6l\u00e7\u00fclerde m\u00fcmk\u00fcn oldu\u011fu kadar g\u00fcvende olmas\u0131n\u0131 istiyoruz. Hizmetlerimizi iyile\u015ftirmedeki ba\u015far\u0131m\u0131z, size sa\u011flad\u0131\u011f\u0131m\u0131z hizmetlerle ilgili bilgileri firmam\u0131z ile payla\u015fma iste\u011finize ba\u011fl\u0131d\u0131r.<br>Bize verdi\u011finiz baz\u0131 hizmet ve proje bilgilerinin b\u00fct\u00fcnl\u00fc\u011f\u00fcn\u00fcn ve gizlili\u011finin sa\u011flanmas\u0131na yard\u0131mc\u0131 olmak i\u00e7in \u015fifreleme uygulamalar\u0131yla korunan yaz\u0131l\u0131mlar kullan\u0131yoruz. K\u00e2\u011f\u0131t \u00fczerindeki evraklar\u0131n\u0131z\u0131 sadece eri\u015fim yetkisi olan personelin kulland\u0131\u011f\u0131n\u0131 bilmenizi isteriz. T\u00fcm bilgiler fiziksel veya dijital olarak izinsiz kullan\u0131c\u0131lar\u0131n eri\u015fimini \u00f6nleyen g\u00fcvenlik \u00f6nlemleri yard\u0131m\u0131yla korunmaktad\u0131r. Bilgilerin kaybolmas\u0131, suistimal edilmesi veya \u00fc\u00e7\u00fcnc\u00fc taraflarca de\u011fi\u015ftirilmeye kar\u015f\u0131 korunmas\u0131 i\u00e7in makul \u00f6l\u00e7\u00fclerde her t\u00fcrl\u00fc \u00e7abay\u0131 g\u00f6sterecek olsak da, yetkisiz bir taraf\u0131n m\u00fcdahale etmesi veya birisinin g\u00fcvenlik sistemlerimizi bozma riskinin her zaman bulundu\u011funu belirtmemiz gerekmektedir.<\/p>\n\n\n\n<h6 class=\"wp-block-heading\"><strong>V. Gizlilik Beyan\u0131m\u0131zdaki De\u011fi\u015fiklikler<\/strong><\/h6>\n\n\n\n<p>Size ait bilgiler sadece bu! Gizlilik Beyan\u0131\u2019nda a\u00e7\u0131kland\u0131\u011f\u0131 \u015fekilde kullan\u0131lacakt\u0131r. Ancak, bu \u2018Gizlilik Beyan\u0131\u2019 n\u0131n \u015fartlar\u0131n\u0131 herhangi bir zamanda de\u011fi\u015ftirme hakk\u0131m\u0131z sakl\u0131d\u0131r. Herhangi bir durumda bu bilgileri topland\u0131\u011f\u0131 zamankinden farkl\u0131 bir \u015fekilde kullanmaya karar vermemiz halinde, elimizde e-posta adresi bulunan firmalara e-posta yoluyla bildirimde bulunaca\u011f\u0131z. Beyan\u0131m\u0131zdaki de\u011fi\u015fiklikten \u00f6nce bize verdi\u011finiz bilgilerinizin kullan\u0131mlar\u0131 veya if\u015fas\u0131 i\u00e7in size ilgili zamanlarda \u201conaylama\u201d imkan\u0131 verilecektir.<\/p>\n","protected":false},"excerpt":{"rendered":"<p>BRC Plus&nbsp;gizlilik hakk\u0131n\u0131za sayg\u0131 g\u00f6stermeyi taahh\u00fct eder. Bir firman\u0131n tesislerinin ve \u00e7al\u0131\u015fanlar\u0131n\u0131n bilgileri \u00f6zel ve hassas oldu\u011fundan, bizimle bu t\u00fcr bilgileri payla\u015fmakla [&hellip;]<\/p>\n","protected":false},"author":1,"featured_media":0,"parent":0,"menu_order":0,"comment_status":"closed","ping_status":"closed","template":"page-templates\/page_fullwidth.php","meta":{"footnotes":""},"class_list":["post-369","page","type-page","status-publish","hentry"],"_links":{"self":[{"href":"https:\/\/www.brcplus.com\/index.php?rest_route=\/wp\/v2\/pages\/369","targetHints":{"allow":["GET"]}}],"collection":[{"href":"https:\/\/www.brcplus.com\/index.php?rest_route=\/wp\/v2\/pages"}],"about":[{"href":"https:\/\/www.brcplus.com\/index.php?rest_route=\/wp\/v2\/types\/page"}],"author":[{"embeddable":true,"href":"https:\/\/www.brcplus.com\/index.php?rest_route=\/wp\/v2\/users\/1"}],"replies":[{"embeddable":true,"href":"https:\/\/www.brcplus.com\/index.php?rest_route=%2Fwp%2Fv2%2Fcomments&post=369"}],"version-history":[{"count":3,"href":"https:\/\/www.brcplus.com\/index.php?rest_route=\/wp\/v2\/pages\/369\/revisions"}],"predecessor-version":[{"id":393,"href":"https:\/\/www.brcplus.com\/index.php?rest_route=\/wp\/v2\/pages\/369\/revisions\/393"}],"wp:attachment":[{"href":"https:\/\/www.brcplus.com\/index.php?rest_route=%2Fwp%2Fv2%2Fmedia&parent=369"}],"curies":[{"name":"wp","href":"https:\/\/api.w.org\/{rel}","templated":true}]}}