{"id":68,"date":"2021-09-07T17:05:18","date_gmt":"2021-09-07T14:05:18","guid":{"rendered":"https:\/\/www.brcplus.com\/yeni\/?page_id=68"},"modified":"2021-09-09T16:36:44","modified_gmt":"2021-09-09T13:36:44","slug":"kurumsal","status":"publish","type":"page","link":"https:\/\/www.brcplus.com\/?page_id=68&lang=tr","title":{"rendered":"Kurumsal"},"content":{"rendered":"\n<figure class=\"wp-block-image size-large is-resized\"><img decoding=\"async\" src=\"https:\/\/www.brcplus.com\/wp-content\/uploads\/2021\/09\/brcplus-kurumsal-2-1024x317.jpg\" alt=\"\" class=\"wp-image-321\" width=\"1200\" srcset=\"https:\/\/www.brcplus.com\/wp-content\/uploads\/2021\/09\/brcplus-kurumsal-2-1024x317.jpg 1024w, https:\/\/www.brcplus.com\/wp-content\/uploads\/2021\/09\/brcplus-kurumsal-2-300x93.jpg 300w, https:\/\/www.brcplus.com\/wp-content\/uploads\/2021\/09\/brcplus-kurumsal-2-768x238.jpg 768w, https:\/\/www.brcplus.com\/wp-content\/uploads\/2021\/09\/brcplus-kurumsal-2-1536x476.jpg 1536w, https:\/\/www.brcplus.com\/wp-content\/uploads\/2021\/09\/brcplus-kurumsal-2-830x257.jpg 830w, https:\/\/www.brcplus.com\/wp-content\/uploads\/2021\/09\/brcplus-kurumsal-2-230x71.jpg 230w, https:\/\/www.brcplus.com\/wp-content\/uploads\/2021\/09\/brcplus-kurumsal-2-350x108.jpg 350w, https:\/\/www.brcplus.com\/wp-content\/uploads\/2021\/09\/brcplus-kurumsal-2-480x149.jpg 480w, https:\/\/www.brcplus.com\/wp-content\/uploads\/2021\/09\/brcplus-kurumsal-2.jpg 1920w\" sizes=\"(max-width: 1024px) 100vw, 1024px\" \/><\/figure>\n\n\n\n<div class=\"wp-block-columns is-layout-flex wp-container-core-columns-is-layout-28f84493 wp-block-columns-is-layout-flex\"><\/div>\n\n\n\n<p><strong>BRC Plus Kimdir?<\/strong><\/p>\n\n\n\n<p><strong>Sekt\u00f6r\u00fcnde 15 Y\u0131ll\u0131k Tecr\u00fcbe<\/strong><\/p>\n\n\n\n<p>15 y\u0131ll\u0131k tecr\u00fcbe ile kimyasal hammadde tedari\u011fi ve sat\u0131\u015f\u0131 yapan firmam\u0131z;<\/p>\n\n\n\n<p>M\u00fc\u015fterilerimize ve i\u015f ortaklar\u0131m\u0131za en g\u00fcvenilir \u00fcretici ve tedarik\u00e7ilerden, en k\u0131sa s\u00fcrede en kaliteli hizmeti vermeyi ama\u00e7lamaktad\u0131r. &nbsp;<\/p>\n\n\n\n<p>Firmam\u0131z, tekstil, boya, deterjan, deri, g\u0131da, polyester, re\u00e7ine, ambalaj, ka\u011f\u0131t ve plastik sekt\u00f6rlerinde faaliyet g\u00f6steren firmalar\u0131n ihtiyac\u0131 olan \u00e7e\u015fitli hammaddeleri tedarik etmektedir.<\/p>\n\n\n\n<p>Kimyasal hammadde ithalat\u0131 yapt\u0131\u011f\u0131m\u0131z ba\u015fl\u0131ca \u00fclkeler aras\u0131nda Rusya, Belarus, \u00c7in, G\u00fcney Kore, Tayvan, \u00c7ek Cumhuriyeti, Romanya, Hindistan, \u0130talya ve Endonezya gelmektedir.<\/p>\n\n\n\n<p><br><strong>Kurumsal De\u011ferlerimiz;<\/strong><\/p>\n\n\n\n<p>M\u00fc\u015fteri Odakl\u0131 &#8211; M\u00fc\u015fteri beklentilerine uygun \u00fcr\u00fcn ve hizmetleri en iyi \u015fartlarda ve zaman\u0131nda sunarak m\u00fc\u015fteri memnuniyetini sa\u011flamak.<\/p>\n\n\n\n<p>S\u00fcrd\u00fcr\u00fclebilirlik &#8211; Uzun vadeli d\u00fc\u015f\u00fcnen m\u00fc\u015fterilerimizi i\u015f orta\u011f\u0131 olarak g\u00f6ren bir anlay\u0131\u015f\u0131 esas al\u0131yoruz.<\/p>\n\n\n\n<p>Takip\u00e7ilik &#8211; \u0130\u015f disiplinimizden \u00f6d\u00fcn vermeyerek, alm\u0131\u015f oldu\u011fumuz sipari\u015fin her a\u015famas\u0131n\u0131n yak\u0131n takip\u00e7isi olaca\u011f\u0131m\u0131z\u0131 bilmelisiniz.<\/p>\n\n\n\n<p>Etik De\u011ferlere Ba\u011fl\u0131l\u0131k &#8211; Gizlilik, E\u015fitlik, D\u00fcr\u00fcstl\u00fck ve Yasalara Uyum temel ilkelerimizdir.<\/p>\n\n\n\n<p><br><strong>Vizyonumuz<\/strong><\/p>\n\n\n\n<p>Kimya sekt\u00f6r\u00fcn\u00fcn h\u0131zl\u0131 geli\u015fimini global \u00f6l\u00e7ekte takip ederek, hammadde tedari\u011fi sa\u011flad\u0131\u011f\u0131m\u0131z m\u00fc\u015fterilerimizin ihtiya\u00e7lar\u0131n\u0131 en do\u011fru kaynaktan tedarik edip, global piyasadaki f\u0131rsatlardan en iyi sekilde faydalanmas\u0131n\u0131 sa\u011flamak.<\/p>\n\n\n\n<p><br><strong>Misyonumuz<\/strong><\/p>\n\n\n\n<p>M\u00fc\u015fterilerimize verdi\u011fimiz hizmetin her a\u015famas\u0131nda, kar\u015f\u0131l\u0131kl\u0131 g\u00fcven ve sayg\u0131ya dayal\u0131 ili\u015fkiler kurup, sekt\u00f6rde katma de\u011fer yaratan bir \u015firket olmak.&nbsp;<\/p>\n","protected":false},"excerpt":{"rendered":"<p>BRC Plus Kimdir? Sekt\u00f6r\u00fcnde 15 Y\u0131ll\u0131k Tecr\u00fcbe 15 y\u0131ll\u0131k tecr\u00fcbe ile kimyasal hammadde tedari\u011fi ve sat\u0131\u015f\u0131 yapan firmam\u0131z; M\u00fc\u015fterilerimize ve i\u015f ortaklar\u0131m\u0131za [&hellip;]<\/p>\n","protected":false},"author":1,"featured_media":0,"parent":0,"menu_order":0,"comment_status":"closed","ping_status":"closed","template":"page-templates\/page_fullwidth.php","meta":{"footnotes":""},"class_list":["post-68","page","type-page","status-publish","hentry"],"_links":{"self":[{"href":"https:\/\/www.brcplus.com\/index.php?rest_route=\/wp\/v2\/pages\/68","targetHints":{"allow":["GET"]}}],"collection":[{"href":"https:\/\/www.brcplus.com\/index.php?rest_route=\/wp\/v2\/pages"}],"about":[{"href":"https:\/\/www.brcplus.com\/index.php?rest_route=\/wp\/v2\/types\/page"}],"author":[{"embeddable":true,"href":"https:\/\/www.brcplus.com\/index.php?rest_route=\/wp\/v2\/users\/1"}],"replies":[{"embeddable":true,"href":"https:\/\/www.brcplus.com\/index.php?rest_route=%2Fwp%2Fv2%2Fcomments&post=68"}],"version-history":[{"count":19,"href":"https:\/\/www.brcplus.com\/index.php?rest_route=\/wp\/v2\/pages\/68\/revisions"}],"predecessor-version":[{"id":322,"href":"https:\/\/www.brcplus.com\/index.php?rest_route=\/wp\/v2\/pages\/68\/revisions\/322"}],"wp:attachment":[{"href":"https:\/\/www.brcplus.com\/index.php?rest_route=%2Fwp%2Fv2%2Fmedia&parent=68"}],"curies":[{"name":"wp","href":"https:\/\/api.w.org\/{rel}","templated":true}]}}