{"id":71,"date":"2021-09-07T17:07:32","date_gmt":"2021-09-07T14:07:32","guid":{"rendered":"https:\/\/www.brcplus.com\/yeni\/?page_id=71"},"modified":"2021-09-14T10:04:27","modified_gmt":"2021-09-14T07:04:27","slug":"dis-ticaret","status":"publish","type":"page","link":"https:\/\/www.brcplus.com\/?page_id=71&lang=tr","title":{"rendered":"D\u0131\u015f Ticaret"},"content":{"rendered":"\n<figure class=\"wp-block-image size-large is-resized\"><img decoding=\"async\" src=\"https:\/\/www.brcplus.com\/wp-content\/uploads\/2021\/09\/harita-1024x462.png\" alt=\"\" class=\"wp-image-394\" width=\"1100\" srcset=\"https:\/\/www.brcplus.com\/wp-content\/uploads\/2021\/09\/harita-1024x462.png 1024w, https:\/\/www.brcplus.com\/wp-content\/uploads\/2021\/09\/harita-300x135.png 300w, https:\/\/www.brcplus.com\/wp-content\/uploads\/2021\/09\/harita-768x347.png 768w, https:\/\/www.brcplus.com\/wp-content\/uploads\/2021\/09\/harita-1536x693.png 1536w, https:\/\/www.brcplus.com\/wp-content\/uploads\/2021\/09\/harita-2048x924.png 2048w, https:\/\/www.brcplus.com\/wp-content\/uploads\/2021\/09\/harita-830x375.png 830w, https:\/\/www.brcplus.com\/wp-content\/uploads\/2021\/09\/harita-230x104.png 230w, https:\/\/www.brcplus.com\/wp-content\/uploads\/2021\/09\/harita-350x158.png 350w, https:\/\/www.brcplus.com\/wp-content\/uploads\/2021\/09\/harita-480x217.png 480w\" sizes=\"(max-width: 1024px) 100vw, 1024px\" \/><\/figure>\n\n\n\n<p>BRC Plus, ithalat ve ihracat i\u015flemleri yapan ve yapmak isteyen t\u00fcm sekt\u00f6r ve i\u015f kolundaki firmalara D\u0131\u015f Ticaret konular\u0131nda hizmet ve destek veren bir dan\u0131\u015fmanl\u0131k firmas\u0131d\u0131r.<\/p>\n\n\n\n<p>D\u0131\u015f Ticaret Dan\u0131\u015fmanl\u0131\u011f\u0131 Hizmetlerimizde, firmalar\u0131m\u0131z\u0131n uluslararas\u0131 pazarlarda etkin ve verimli politikalar \u00fcretip ba\u015far\u0131l\u0131 olmalar\u0131na y\u00f6nelik \u00e7\u00f6z\u00fcmler \u00fcretiyoruz.&nbsp;<\/p>\n\n\n\n<p>\u00dcr\u00fcnlerini yurtd\u0131\u015f\u0131 pazarlarda pazarlamak isteyen firmalara pazar ara\u015ft\u0131rmalar\u0131 yap\u0131yor, bulunan m\u00fc\u015fterilerle t\u00fcm ihracat s\u00fcrecini ger\u00e7ekle\u015ftiriyoruz.&nbsp;<\/p>\n\n\n\n<p>Yurtd\u0131\u015f\u0131 pazarlardan \u00fcr\u00fcn tedarik etmek isteyen firmalar\u0131m\u0131z i\u00e7in en uygun \u00fcreticileri ara\u015ft\u0131r\u0131yor ve sa\u011flanan anla\u015fma neticesinde t\u00fcm ithalat s\u00fcrecini ger\u00e7ekle\u015ftirerek firmalara anahtar teslimi \u00e7\u00f6z\u00fcmler sunuyoruz.<\/p>\n\n\n\n<h4 class=\"wp-block-heading\"><strong>Hizmetlerimiz<\/strong><\/h4>\n\n\n\n<ul class=\"wp-block-list\"><li>D\u0131\u015f Ticaret Dan\u0131\u015fmanl\u0131\u011f\u0131<\/li><\/ul>\n\n\n\n<ul class=\"wp-block-list\"><li> D\u0131\u015f Ticaret Operasyonlar\u0131<\/li><\/ul>\n\n\n\n<ul class=\"wp-block-list\"><li>Akreditif Dan\u0131\u015fmanl\u0131\u011f\u0131<\/li><\/ul>\n\n\n\n<ul class=\"wp-block-list\"><li>Uluslararas\u0131 S\u00f6zle\u015fmeler<\/li><\/ul>\n\n\n\n<ul class=\"wp-block-list\"><li>Pazar Ara\u015ft\u0131rma Raporlar\u0131<\/li><\/ul>\n","protected":false},"excerpt":{"rendered":"<p>BRC Plus, ithalat ve ihracat i\u015flemleri yapan ve yapmak isteyen t\u00fcm sekt\u00f6r ve i\u015f kolundaki firmalara D\u0131\u015f Ticaret konular\u0131nda hizmet ve destek [&hellip;]<\/p>\n","protected":false},"author":1,"featured_media":0,"parent":0,"menu_order":0,"comment_status":"closed","ping_status":"closed","template":"page-templates\/page_fullwidth.php","meta":{"footnotes":""},"class_list":["post-71","page","type-page","status-publish","hentry"],"_links":{"self":[{"href":"https:\/\/www.brcplus.com\/index.php?rest_route=\/wp\/v2\/pages\/71","targetHints":{"allow":["GET"]}}],"collection":[{"href":"https:\/\/www.brcplus.com\/index.php?rest_route=\/wp\/v2\/pages"}],"about":[{"href":"https:\/\/www.brcplus.com\/index.php?rest_route=\/wp\/v2\/types\/page"}],"author":[{"embeddable":true,"href":"https:\/\/www.brcplus.com\/index.php?rest_route=\/wp\/v2\/users\/1"}],"replies":[{"embeddable":true,"href":"https:\/\/www.brcplus.com\/index.php?rest_route=%2Fwp%2Fv2%2Fcomments&post=71"}],"version-history":[{"count":9,"href":"https:\/\/www.brcplus.com\/index.php?rest_route=\/wp\/v2\/pages\/71\/revisions"}],"predecessor-version":[{"id":438,"href":"https:\/\/www.brcplus.com\/index.php?rest_route=\/wp\/v2\/pages\/71\/revisions\/438"}],"wp:attachment":[{"href":"https:\/\/www.brcplus.com\/index.php?rest_route=%2Fwp%2Fv2%2Fmedia&parent=71"}],"curies":[{"name":"wp","href":"https:\/\/api.w.org\/{rel}","templated":true}]}}