{"id":75,"date":"2021-09-07T17:10:16","date_gmt":"2021-09-07T14:10:16","guid":{"rendered":"https:\/\/www.brcplus.com\/yeni\/?page_id=75"},"modified":"2021-09-13T12:29:30","modified_gmt":"2021-09-13T09:29:30","slug":"urunler","status":"publish","type":"page","link":"https:\/\/www.brcplus.com\/?page_id=75&lang=tr","title":{"rendered":"\u00dcr\u00fcnler"},"content":{"rendered":"\n<div class=\"wp-block-columns is-layout-flex wp-container-core-columns-is-layout-28f84493 wp-block-columns-is-layout-flex\">\n<div class=\"wp-block-column is-layout-flow wp-block-column-is-layout-flow\">\n<ul class=\"wp-block-list\"><li>Adipik Asit<\/li><\/ul>\n\n\n\n<ul class=\"wp-block-list\"><li>Aseton<\/li><\/ul>\n\n\n\n<ul class=\"wp-block-list\"><li>Amino Trimetilen Fosfonik Asit (ATMP)<\/li><\/ul>\n\n\n\n<ul class=\"wp-block-list\"><li>Dietanolamin (DEA)<\/li><\/ul>\n\n\n\n<ul class=\"wp-block-list\"><li>Dioktil Fitalat (DOP)<\/li><\/ul>\n\n\n\n<ul class=\"wp-block-list\"><li>Dioktil Terafilat (DOTP)<\/li><\/ul>\n\n\n\n<ul class=\"wp-block-list\"><li>Dioktil Adipat<\/li><\/ul>\n\n\n\n<ul class=\"wp-block-list\"><li>2 Etil Hexanol (2 EH)<\/li><\/ul>\n\n\n\n<ul class=\"wp-block-list\"><li>Epiklorohidrin<\/li><\/ul>\n\n\n\n<ul class=\"wp-block-list\"><li>Formik Asit<\/li><\/ul>\n\n\n\n<ul class=\"wp-block-list\"><li>Fitalik Anhidrit<\/li><\/ul>\n\n\n\n<ul class=\"wp-block-list\"><li>Gliserin<\/li><\/ul>\n<\/div>\n\n\n\n<div class=\"wp-block-column is-layout-flow wp-block-column-is-layout-flow\">\n<ul class=\"wp-block-list\"><li>Hidroksietiliden Difosnik Asit (HEDP)<\/li><\/ul>\n\n\n\n<ul class=\"wp-block-list\"><li>Hint Ya\u011f\u0131<\/li><\/ul>\n\n\n\n<ul class=\"wp-block-list\"><li>\u0130zopropil Alkol<\/li><\/ul>\n\n\n\n<ul class=\"wp-block-list\"><li>Labsa<\/li><\/ul>\n\n\n\n<ul class=\"wp-block-list\"><li>Monoetanolamin (MEA)<\/li><\/ul>\n\n\n\n<ul class=\"wp-block-list\"><li>Maleik Anhidrit<\/li><\/ul>\n\n\n\n<ul class=\"wp-block-list\"><li>Metilen Klorit<\/li><\/ul>\n\n\n\n<ul class=\"wp-block-list\"><li>Metilmetalrilat (MMA)<\/li><\/ul>\n\n\n\n<ul class=\"wp-block-list\"><li>Payet Kostik<\/li><\/ul>\n\n\n\n<ul class=\"wp-block-list\"><li>Polietilen Glikol (PEG)<\/li><\/ul>\n\n\n\n<ul class=\"wp-block-list\"><li>Perkloretilen<\/li><\/ul>\n<\/div>\n\n\n\n<div class=\"wp-block-column is-layout-flow wp-block-column-is-layout-flow\">\n<ul class=\"wp-block-list\"><li>Polivinil Alkol (PVA)<\/li><\/ul>\n\n\n\n<ul class=\"wp-block-list\"><li>Sles %70<\/li><\/ul>\n\n\n\n<ul class=\"wp-block-list\"><li>Sitrik Asit<\/li><\/ul>\n\n\n\n<ul class=\"wp-block-list\"><li>Titanyum Dioksit (TI02)<\/li><\/ul>\n\n\n\n<ul class=\"wp-block-list\"><li>Trikloretilen<\/li><\/ul>\n\n\n\n<ul class=\"wp-block-list\"><li>Trietanolamin (TEA)<\/li><\/ul>\n\n\n\n<ul class=\"wp-block-list\"><li>Vinil Asetat Monomer (VAM)<\/li><\/ul>\n\n\n\n<ul class=\"wp-block-list\"><li>Trimetilolpropan (TMP)<\/li><\/ul>\n\n\n\n<ul class=\"wp-block-list\"><li>Nonilfenol 10 E0 (NP10)<\/li><\/ul>\n\n\n\n<ul class=\"wp-block-list\"><li>Benzoik Asit<\/li><\/ul>\n\n\n\n<ul class=\"wp-block-list\"><li>Akrilamid<\/li><\/ul>\n\n\n\n<ul class=\"wp-block-list\"><li>Tereftalik Asit (PTA)<\/li><\/ul>\n<\/div>\n<\/div>\n\n\n\n<hr class=\"wp-block-separator has-text-color has-background is-style-wide\" style=\"background-color:#b2b2b2;color:#b2b2b2\"\/>\n\n\n\n<div class=\"wp-block-columns is-layout-flex wp-container-core-columns-is-layout-28f84493 wp-block-columns-is-layout-flex\">\n<div class=\"wp-block-column is-layout-flow wp-block-column-is-layout-flow\">\n<div class=\"wp-block-columns is-layout-flex wp-container-core-columns-is-layout-28f84493 wp-block-columns-is-layout-flex\">\n<div class=\"wp-block-column is-layout-flow wp-block-column-is-layout-flow\">\n<div class=\"wp-block-media-text alignwide is-stacked-on-mobile is-vertically-aligned-center\" style=\"grid-template-columns:16% auto\"><figure class=\"wp-block-media-text__media\"><img decoding=\"async\" width=\"160\" height=\"163\" src=\"https:\/\/www.brcplus.com\/wp-content\/uploads\/2021\/09\/brcplus-pdf2.png\" alt=\"\" class=\"wp-image-408 size-thumbnail\"\/><\/figure><div class=\"wp-block-media-text__content\">\n<h6 class=\"wp-block-heading\">\u00dcr\u00fcn katalo\u011funu indirmek i\u00e7in <a href=\"https:\/\/www.brcplus.com\/BRCPlusTrKatalog.pdf\" target=\"_blank\" rel=\"noreferrer noopener\">t\u0131klay\u0131n\u0131z.<\/a><\/h6>\n<\/div><\/div>\n<\/div>\n\n\n\n<div class=\"wp-block-column is-layout-flow wp-block-column-is-layout-flow\"><\/div>\n<\/div>\n\n\n\n<hr class=\"wp-block-separator has-text-color has-background is-style-wide\" style=\"background-color:#b2b2b2;color:#b2b2b2\"\/>\n<\/div>\n<\/div>\n","protected":false},"excerpt":{"rendered":"<p>Adipik Asit Aseton Amino Trimetilen Fosfonik Asit (ATMP) Dietanolamin (DEA) Dioktil Fitalat (DOP) Dioktil Terafilat (DOTP) Dioktil Adipat 2 Etil Hexanol (2 [&hellip;]<\/p>\n","protected":false},"author":1,"featured_media":0,"parent":0,"menu_order":0,"comment_status":"closed","ping_status":"closed","template":"page-templates\/page_fullwidth.php","meta":{"footnotes":""},"class_list":["post-75","page","type-page","status-publish","hentry"],"_links":{"self":[{"href":"https:\/\/www.brcplus.com\/index.php?rest_route=\/wp\/v2\/pages\/75","targetHints":{"allow":["GET"]}}],"collection":[{"href":"https:\/\/www.brcplus.com\/index.php?rest_route=\/wp\/v2\/pages"}],"about":[{"href":"https:\/\/www.brcplus.com\/index.php?rest_route=\/wp\/v2\/types\/page"}],"author":[{"embeddable":true,"href":"https:\/\/www.brcplus.com\/index.php?rest_route=\/wp\/v2\/users\/1"}],"replies":[{"embeddable":true,"href":"https:\/\/www.brcplus.com\/index.php?rest_route=%2Fwp%2Fv2%2Fcomments&post=75"}],"version-history":[{"count":26,"href":"https:\/\/www.brcplus.com\/index.php?rest_route=\/wp\/v2\/pages\/75\/revisions"}],"predecessor-version":[{"id":435,"href":"https:\/\/www.brcplus.com\/index.php?rest_route=\/wp\/v2\/pages\/75\/revisions\/435"}],"wp:attachment":[{"href":"https:\/\/www.brcplus.com\/index.php?rest_route=%2Fwp%2Fv2%2Fmedia&parent=75"}],"curies":[{"name":"wp","href":"https:\/\/api.w.org\/{rel}","templated":true}]}}