{"id":78,"date":"2021-09-07T17:11:12","date_gmt":"2021-09-07T14:11:12","guid":{"rendered":"https:\/\/www.brcplus.com\/yeni\/?page_id=78"},"modified":"2022-09-16T13:06:02","modified_gmt":"2022-09-16T10:06:02","slug":"ekibimiz","status":"publish","type":"page","link":"https:\/\/www.brcplus.com\/?page_id=78&lang=tr","title":{"rendered":"Ekibimiz"},"content":{"rendered":"\t\t<div data-elementor-type=\"wp-page\" data-elementor-id=\"78\" class=\"elementor elementor-78\">\n\t\t\t\t\t\t<section class=\"elementor-section elementor-top-section elementor-element elementor-element-9c995be elementor-section-boxed elementor-section-height-default elementor-section-height-default\" data-id=\"9c995be\" data-element_type=\"section\">\n\t\t\t\t\t\t<div class=\"elementor-container elementor-column-gap-default\">\n\t\t\t\t\t<div class=\"elementor-column elementor-col-33 elementor-top-column elementor-element elementor-element-e7c8322\" data-id=\"e7c8322\" data-element_type=\"column\">\n\t\t\t<div class=\"elementor-widget-wrap elementor-element-populated\">\n\t\t\t\t\t\t<div class=\"elementor-element elementor-element-4a833db elementor-invisible elementor-widget elementor-widget-image\" data-id=\"4a833db\" data-element_type=\"widget\" data-settings=\"{&quot;_animation&quot;:&quot;zoomIn&quot;}\" data-widget_type=\"image.default\">\n\t\t\t\t<div class=\"elementor-widget-container\">\n\t\t\t<style>\/*! elementor - v3.22.0 - 26-06-2024 *\/\n.elementor-widget-image{text-align:center}.elementor-widget-image a{display:inline-block}.elementor-widget-image a img[src$=\".svg\"]{width:48px}.elementor-widget-image img{vertical-align:middle;display:inline-block}<\/style>\t\t\t\t\t\t\t\t\t\t<img fetchpriority=\"high\" decoding=\"async\" width=\"357\" height=\"263\" src=\"https:\/\/www.brcplus.com\/wp-content\/uploads\/2021\/09\/20210421152834-1.png\" class=\"attachment-large size-large wp-image-332\" alt=\"\" srcset=\"https:\/\/www.brcplus.com\/wp-content\/uploads\/2021\/09\/20210421152834-1.png 357w, https:\/\/www.brcplus.com\/wp-content\/uploads\/2021\/09\/20210421152834-1-300x221.png 300w, https:\/\/www.brcplus.com\/wp-content\/uploads\/2021\/09\/20210421152834-1-230x169.png 230w, https:\/\/www.brcplus.com\/wp-content\/uploads\/2021\/09\/20210421152834-1-350x258.png 350w\" sizes=\"(max-width: 357px) 100vw, 357px\" \/>\t\t\t\t\t\t\t\t\t\t\t\t\t<\/div>\n\t\t\t\t<\/div>\n\t\t\t\t<div class=\"elementor-element elementor-element-b31131b elementor-widget elementor-widget-text-editor\" data-id=\"b31131b\" data-element_type=\"widget\" data-widget_type=\"text-editor.default\">\n\t\t\t\t<div class=\"elementor-widget-container\">\n\t\t\t<style>\/*! elementor - v3.22.0 - 26-06-2024 *\/\n.elementor-widget-text-editor.elementor-drop-cap-view-stacked .elementor-drop-cap{background-color:#69727d;color:#fff}.elementor-widget-text-editor.elementor-drop-cap-view-framed .elementor-drop-cap{color:#69727d;border:3px solid;background-color:transparent}.elementor-widget-text-editor:not(.elementor-drop-cap-view-default) .elementor-drop-cap{margin-top:8px}.elementor-widget-text-editor:not(.elementor-drop-cap-view-default) .elementor-drop-cap-letter{width:1em;height:1em}.elementor-widget-text-editor .elementor-drop-cap{float:left;text-align:center;line-height:1;font-size:50px}.elementor-widget-text-editor .elementor-drop-cap-letter{display:inline-block}<\/style>\t\t\t\t<center><em>Kurucu<\/em><br \/>Burcu KAVUKCU<\/center><center>Email: burcu@<span id=\"0.9050379707273655\" class=\"highlight\">brc<\/span>plus.com<\/center><center>Telefon: +90 533 699 74 19<\/center>\t\t\t\t\t\t<\/div>\n\t\t\t\t<\/div>\n\t\t\t\t\t<\/div>\n\t\t<\/div>\n\t\t\t\t<div class=\"elementor-column elementor-col-33 elementor-top-column elementor-element elementor-element-924d8bd\" data-id=\"924d8bd\" data-element_type=\"column\">\n\t\t\t<div class=\"elementor-widget-wrap elementor-element-populated\">\n\t\t\t\t\t\t<div class=\"elementor-element elementor-element-d17ec72 elementor-invisible elementor-widget elementor-widget-image\" data-id=\"d17ec72\" data-element_type=\"widget\" data-settings=\"{&quot;_animation&quot;:&quot;zoomIn&quot;}\" data-widget_type=\"image.default\">\n\t\t\t\t<div class=\"elementor-widget-container\">\n\t\t\t\t\t\t\t\t\t\t\t\t\t<img decoding=\"async\" width=\"357\" height=\"263\" src=\"https:\/\/www.brcplus.com\/wp-content\/uploads\/2022\/09\/Merve.jpg\" class=\"attachment-large size-large wp-image-442\" alt=\"\" srcset=\"https:\/\/www.brcplus.com\/wp-content\/uploads\/2022\/09\/Merve.jpg 357w, https:\/\/www.brcplus.com\/wp-content\/uploads\/2022\/09\/Merve-300x221.jpg 300w, https:\/\/www.brcplus.com\/wp-content\/uploads\/2022\/09\/Merve-230x169.jpg 230w, https:\/\/www.brcplus.com\/wp-content\/uploads\/2022\/09\/Merve-350x258.jpg 350w\" sizes=\"(max-width: 357px) 100vw, 357px\" \/>\t\t\t\t\t\t\t\t\t\t\t\t\t<\/div>\n\t\t\t\t<\/div>\n\t\t\t\t<div class=\"elementor-element elementor-element-e538a8d elementor-widget elementor-widget-text-editor\" data-id=\"e538a8d\" data-element_type=\"widget\" data-widget_type=\"text-editor.default\">\n\t\t\t\t<div class=\"elementor-widget-container\">\n\t\t\t\t\t\t\t<center><em>Sat\u0131\u015f M\u00fcd\u00fcr\u00fc<\/em><br \/>Merve EGDIRICI<\/center><center>Email: merve@<span id=\"0.5773825345199444\" class=\"highlight\">brc<\/span>plus.com<\/center><center>Telefon: +90 530 300 75 95<\/center>\t\t\t\t\t\t<\/div>\n\t\t\t\t<\/div>\n\t\t\t\t\t<\/div>\n\t\t<\/div>\n\t\t\t\t<div class=\"elementor-column elementor-col-33 elementor-top-column elementor-element elementor-element-fb045b1\" data-id=\"fb045b1\" data-element_type=\"column\">\n\t\t\t<div class=\"elementor-widget-wrap elementor-element-populated\">\n\t\t\t\t\t\t<div class=\"elementor-element elementor-element-40b7da3 elementor-invisible elementor-widget elementor-widget-image\" data-id=\"40b7da3\" data-element_type=\"widget\" data-settings=\"{&quot;_animation&quot;:&quot;zoomIn&quot;}\" data-widget_type=\"image.default\">\n\t\t\t\t<div class=\"elementor-widget-container\">\n\t\t\t\t\t\t\t\t\t\t\t\t\t<img decoding=\"async\" width=\"357\" height=\"263\" src=\"https:\/\/www.brcplus.com\/wp-content\/uploads\/2022\/09\/Doruk.jpg\" class=\"attachment-large size-large wp-image-443\" alt=\"\" srcset=\"https:\/\/www.brcplus.com\/wp-content\/uploads\/2022\/09\/Doruk.jpg 357w, https:\/\/www.brcplus.com\/wp-content\/uploads\/2022\/09\/Doruk-300x221.jpg 300w, https:\/\/www.brcplus.com\/wp-content\/uploads\/2022\/09\/Doruk-230x169.jpg 230w, https:\/\/www.brcplus.com\/wp-content\/uploads\/2022\/09\/Doruk-350x258.jpg 350w\" sizes=\"(max-width: 357px) 100vw, 357px\" \/>\t\t\t\t\t\t\t\t\t\t\t\t\t<\/div>\n\t\t\t\t<\/div>\n\t\t\t\t<div class=\"elementor-element elementor-element-b5d9d12 elementor-widget elementor-widget-text-editor\" data-id=\"b5d9d12\" data-element_type=\"widget\" data-widget_type=\"text-editor.default\">\n\t\t\t\t<div class=\"elementor-widget-container\">\n\t\t\t\t\t\t\t<center><em>D\u0131\u015f Ticaret Operasyon Uzman Yrd.<\/em><br \/>Doruk CALISIR<\/center><center>Email: doruk@<span id=\"0.0950528110097324\" class=\"highlight\">brc<\/span>plus.com<\/center><center>Telefon: +90 539 681 20 52<\/center>\t\t\t\t\t\t<\/div>\n\t\t\t\t<\/div>\n\t\t\t\t\t<\/div>\n\t\t<\/div>\n\t\t\t\t\t<\/div>\n\t\t<\/section>\n\t\t\t\t<\/div>\n\t\t","protected":false},"excerpt":{"rendered":"<p>KurucuBurcu KAVUKCUEmail: burcu@brcplus.comTelefon: +90 533 699 74 19 Sat\u0131\u015f M\u00fcd\u00fcr\u00fcMerve EGDIRICIEmail: merve@brcplus.comTelefon: +90 530 300 75 95 D\u0131\u015f Ticaret Operasyon Uzman Yrd.Doruk [&hellip;]<\/p>\n","protected":false},"author":1,"featured_media":0,"parent":0,"menu_order":0,"comment_status":"closed","ping_status":"closed","template":"page-templates\/page_fullwidth.php","meta":{"footnotes":""},"class_list":["post-78","page","type-page","status-publish","hentry"],"_links":{"self":[{"href":"https:\/\/www.brcplus.com\/index.php?rest_route=\/wp\/v2\/pages\/78","targetHints":{"allow":["GET"]}}],"collection":[{"href":"https:\/\/www.brcplus.com\/index.php?rest_route=\/wp\/v2\/pages"}],"about":[{"href":"https:\/\/www.brcplus.com\/index.php?rest_route=\/wp\/v2\/types\/page"}],"author":[{"embeddable":true,"href":"https:\/\/www.brcplus.com\/index.php?rest_route=\/wp\/v2\/users\/1"}],"replies":[{"embeddable":true,"href":"https:\/\/www.brcplus.com\/index.php?rest_route=%2Fwp%2Fv2%2Fcomments&post=78"}],"version-history":[{"count":47,"href":"https:\/\/www.brcplus.com\/index.php?rest_route=\/wp\/v2\/pages\/78\/revisions"}],"predecessor-version":[{"id":465,"href":"https:\/\/www.brcplus.com\/index.php?rest_route=\/wp\/v2\/pages\/78\/revisions\/465"}],"wp:attachment":[{"href":"https:\/\/www.brcplus.com\/index.php?rest_route=%2Fwp%2Fv2%2Fmedia&parent=78"}],"curies":[{"name":"wp","href":"https:\/\/api.w.org\/{rel}","templated":true}]}}