{"id":84,"date":"2021-09-07T17:13:26","date_gmt":"2021-09-07T14:13:26","guid":{"rendered":"https:\/\/www.brcplus.com\/yeni\/?page_id=84"},"modified":"2021-09-09T16:35:19","modified_gmt":"2021-09-09T13:35:19","slug":"kariyer","status":"publish","type":"page","link":"https:\/\/www.brcplus.com\/?page_id=84&lang=tr","title":{"rendered":"Kariyer"},"content":{"rendered":"\n<figure class=\"wp-block-image size-large is-resized\"><img decoding=\"async\" src=\"https:\/\/www.brcplus.com\/wp-content\/uploads\/2021\/09\/brc-plus-kariyer-1-1024x400.jpg\" alt=\"\" class=\"wp-image-319\" width=\"1200\" srcset=\"https:\/\/www.brcplus.com\/wp-content\/uploads\/2021\/09\/brc-plus-kariyer-1-1024x400.jpg 1024w, https:\/\/www.brcplus.com\/wp-content\/uploads\/2021\/09\/brc-plus-kariyer-1-300x117.jpg 300w, https:\/\/www.brcplus.com\/wp-content\/uploads\/2021\/09\/brc-plus-kariyer-1-768x300.jpg 768w, https:\/\/www.brcplus.com\/wp-content\/uploads\/2021\/09\/brc-plus-kariyer-1-1536x600.jpg 1536w, https:\/\/www.brcplus.com\/wp-content\/uploads\/2021\/09\/brc-plus-kariyer-1-830x324.jpg 830w, https:\/\/www.brcplus.com\/wp-content\/uploads\/2021\/09\/brc-plus-kariyer-1-230x90.jpg 230w, https:\/\/www.brcplus.com\/wp-content\/uploads\/2021\/09\/brc-plus-kariyer-1-350x137.jpg 350w, https:\/\/www.brcplus.com\/wp-content\/uploads\/2021\/09\/brc-plus-kariyer-1-480x188.jpg 480w, https:\/\/www.brcplus.com\/wp-content\/uploads\/2021\/09\/brc-plus-kariyer-1.jpg 1920w\" sizes=\"(max-width: 1024px) 100vw, 1024px\" \/><\/figure>\n\n\n\n<div class=\"wp-block-columns is-layout-flex wp-container-core-columns-is-layout-28f84493 wp-block-columns-is-layout-flex\"><\/div>\n\n\n\n<h5 class=\"wp-block-heading\">BRC Plus Kariyer<\/h5>\n\n\n\n<p>Firmam\u0131z, kurumsal ba\u015far\u0131ya giden yolun, profesyonel ve nitelikli ki\u015filerden olu\u015ftu\u011funa inanan, &nbsp;yeniliklere, de\u011fi\u015fimlere ve ara\u015ft\u0131rmaya a\u00e7\u0131k, giri\u015fimci, dinamik motivasyonu y\u00fcksek, g\u00fcler y\u00fczl\u00fc, \u015firket geli\u015fimine katma de\u011fer sa\u011flayacak, tak\u0131m \u00e7al\u0131\u015fmas\u0131na yatk\u0131n t\u00fcm adaylar\u0131m\u0131za f\u0131rsat e\u015fitli\u011fi sunmaktad\u0131r.<\/p>\n\n\n\n<p>Profesyonel, d\u00fc\u015f\u00fcnsel ve ki\u015fisel geli\u015fim olanaklar\u0131ndan yararlanarak, iyi bir gelecek haz\u0131rlamak istiyorsan\u0131z, ba\u015fvurular\u0131n\u0131z\u0131 bekliyoruz.<br><br> <\/p>\n\n\n\n<h5 class=\"wp-block-heading\">Ba\u015fvuru Formu<\/h5>\n\n\n\n<div class=\"forminator-guttenberg\"><form id=\"forminator-module-233\" class=\"forminator-custom-form forminator-custom-form-233\" method=\"post\" data-forminator-render=\"0\" data-uid=\"69e1393994eef\"><div role=\"alert\" aria-live=\"polite\" class=\"forminator-response-message forminator-error\" aria-hidden=\"true\"><\/div><\/form><\/div>\n","protected":false},"excerpt":{"rendered":"<p>BRC Plus Kariyer Firmam\u0131z, kurumsal ba\u015far\u0131ya giden yolun, profesyonel ve nitelikli ki\u015filerden olu\u015ftu\u011funa inanan, &nbsp;yeniliklere, de\u011fi\u015fimlere ve ara\u015ft\u0131rmaya a\u00e7\u0131k, giri\u015fimci, dinamik motivasyonu [&hellip;]<\/p>\n","protected":false},"author":1,"featured_media":0,"parent":0,"menu_order":0,"comment_status":"closed","ping_status":"closed","template":"page-templates\/page_fullwidth.php","meta":{"footnotes":""},"class_list":["post-84","page","type-page","status-publish","hentry"],"_links":{"self":[{"href":"https:\/\/www.brcplus.com\/index.php?rest_route=\/wp\/v2\/pages\/84","targetHints":{"allow":["GET"]}}],"collection":[{"href":"https:\/\/www.brcplus.com\/index.php?rest_route=\/wp\/v2\/pages"}],"about":[{"href":"https:\/\/www.brcplus.com\/index.php?rest_route=\/wp\/v2\/types\/page"}],"author":[{"embeddable":true,"href":"https:\/\/www.brcplus.com\/index.php?rest_route=\/wp\/v2\/users\/1"}],"replies":[{"embeddable":true,"href":"https:\/\/www.brcplus.com\/index.php?rest_route=%2Fwp%2Fv2%2Fcomments&post=84"}],"version-history":[{"count":7,"href":"https:\/\/www.brcplus.com\/index.php?rest_route=\/wp\/v2\/pages\/84\/revisions"}],"predecessor-version":[{"id":320,"href":"https:\/\/www.brcplus.com\/index.php?rest_route=\/wp\/v2\/pages\/84\/revisions\/320"}],"wp:attachment":[{"href":"https:\/\/www.brcplus.com\/index.php?rest_route=%2Fwp%2Fv2%2Fmedia&parent=84"}],"curies":[{"name":"wp","href":"https:\/\/api.w.org\/{rel}","templated":true}]}}